{"id":1328,"date":"2025-10-13T14:54:58","date_gmt":"2025-10-13T12:54:58","guid":{"rendered":"https:\/\/cosimomacagno.com\/?page_id=1328"},"modified":"2025-10-16T11:26:29","modified_gmt":"2025-10-16T09:26:29","slug":"le-grand-feu-des-montagnes-noires-du-15-11-2025","status":"publish","type":"page","link":"https:\/\/cosimomacagno.com\/index.php\/le-grand-feu-des-montagnes-noires-du-15-11-2025\/","title":{"rendered":"Le Grand feu des montagnes noires du 15\/11\/2025"},"content":{"rendered":"\n<figure class=\"wp-block-image size-large\"><img fetchpriority=\"high\" decoding=\"async\" width=\"724\" height=\"1024\" src=\"http:\/\/cosimomacagno.com\/wp-content\/uploads\/2025\/10\/montagnes_noire_fond_fini-724x1024.png\" alt=\"\" class=\"wp-image-1329\" srcset=\"https:\/\/cosimomacagno.com\/wp-content\/uploads\/2025\/10\/montagnes_noire_fond_fini-724x1024.png 724w, https:\/\/cosimomacagno.com\/wp-content\/uploads\/2025\/10\/montagnes_noire_fond_fini-212x300.png 212w, https:\/\/cosimomacagno.com\/wp-content\/uploads\/2025\/10\/montagnes_noire_fond_fini-768x1086.png 768w, https:\/\/cosimomacagno.com\/wp-content\/uploads\/2025\/10\/montagnes_noire_fond_fini-1086x1536.png 1086w, https:\/\/cosimomacagno.com\/wp-content\/uploads\/2025\/10\/montagnes_noire_fond_fini-1448x2048.png 1448w, https:\/\/cosimomacagno.com\/wp-content\/uploads\/2025\/10\/montagnes_noire_fond_fini-764x1080.png 764w, https:\/\/cosimomacagno.com\/wp-content\/uploads\/2025\/10\/montagnes_noire_fond_fini-900x1273.png 900w, https:\/\/cosimomacagno.com\/wp-content\/uploads\/2025\/10\/montagnes_noire_fond_fini-1920x2716.png 1920w, https:\/\/cosimomacagno.com\/wp-content\/uploads\/2025\/10\/montagnes_noire_fond_fini-800x1132.png 800w, https:\/\/cosimomacagno.com\/wp-content\/uploads\/2025\/10\/montagnes_noire_fond_fini-scaled.png 1810w\" sizes=\"(max-width: 724px) 100vw, 724px\" \/><\/figure>\n\n\n\n<p><em>Dessin Rachel Tasset <a href=\"https:\/\/www.instagram.com\/hexa__gone\/\">https:\/\/www.instagram.com\/hexa__gone\/<\/a> et cosimo macagno<\/em><\/p>\n\n\n\n<p>Merci de vous \u00eates inscrit au Grand feu des montagnes noires du 15\/11\/2025<\/p>\n\n\n\n<p>organis\u00e9 par Kazh du et les Rendez vous navarin<\/p>\n\n\n\n<p><\/p>\n\n\n\n<p><br>Organis\u00e9 par Kazh Du et les Rendez-vous navarin. La cinqui\u00e8me \u00e9dition des rendez-vous navarin ayant \u00e9t\u00e9 annul\u00e9e nous nous rattrapons hors des murs de Brest ce 15 novembre, au c\u0153ur des montagnes noires dans un paysage de vall\u00e9e idyllique. Plus qu&#8217;un vernissage cette soir\u00e9e sera le th\u00e9\u00e2tre d&#8217;une v\u00e9ritable \u00e9mulsion d&#8217;art finist\u00e9rienne avec en son centre un grand feu qui montra tout le long de la nuit jusqu\u2019\u00e0 atteindre 800\u00b0C pour cuire des c\u00e9ramiques pr\u00e9c\u00e9demment sigill\u00e9es. Nos associations vous proposerons des concerts, allant du dub \u00e0 la folk en passant par la techno et la musique exp\u00e9rimentale sur toute une nuit. Vous pourrez aussi assister \u00e0 du th\u00e9\u00e2tre et des pr\u00e9sentations d&#8217;ouvrages litt\u00e9raires. Au c\u0153ur des terres, cette f\u00eate priv\u00e9e a pour but de ramener la culture au c\u0153ur du d\u00e9bat politique avec la rencontre d\u2019artistes, d&#8217;artisans, de techniciens et d&#8217;autres acteurs du monde de la culture qui pourront \u00e9changer sur leurs exp\u00e9riences autour d\u2019un grand repas convivial puis tout au long de la soir\u00e9e. Les concerts d\u00e9buteront \u00e0 20h30 et dureront jusque tard dans la nuit. En cr\u00e9ant ce festival au c\u0153ur de la campagne finist\u00e9rienne je souhaite m\u2019inscrire dans un mouvement plus grand de d\u00e9centralisation de la culture, en la sortant des milieux urbains, le tout en restant un espace bienveillant et queer, pour participer \u00e0 l\u2019\u00e9mergence d\u2019un renouveau culturel en ruralit\u00e9, largement affaibli depuis des d\u00e9cennies, mais aussi afin d\u2019ouvrir de nouveaux horizons \u00e0 nous, acteurs du monde de la culture. Apr\u00e8s des ann\u00e9es de politiques aust\u00e9ritaires et notamment le maintiens de Madame Dati, <\/p>\n\n\n\n<p>le minist\u00e8re de la Culture est plus que jamais et priv\u00e9 de ses moyens et m\u00e8ne une politique qui ne mets en valeur qu&#8217;une minorit\u00e9 d&#8217;artistes qui n&#8217;ont d&#8217;impacts que sur les salons parisiens bourgeois. Nous nous opposons \u00e0 cet art qui ne se parle plus qu&#8217;\u00e0 lui-m\u00eame, et au capitalisme qui boursicote sur des artistes prometteurs pour aller vers un art aseptis\u00e9 et ais\u00e9ment marchandable. <\/p>\n\n\n\n<p>Nous voulons un art populaire et accessible \u00e0 chacun, qu&#8217;il soit potier ou artiste plasticien, les artistes ayant bien plus \u00e0 offrir qu&#8217;un simple rapport de technicien \u00e0 commanditaire. L&#8217;art est politique et \u00e9mancipateur, nous le f\u00eaterons autour d&#8217;un verre, nous queer anarchistes, an-artistes et autres cr\u00e9ateurs hors milieu et hors du monde par notre singularit\u00e9 qui d\u00e9range. Cette f\u00eate se fera autour de ma derni\u00e8re collection de masques, d\u2019artistes drag pr\u00e9sentant une forme de recr\u00e9ation de culture rituelle par la danse, le chant et la performance, durant toute une nuit qui promet d\u2019\u00eatre folle, en cr\u00e9ant des art\u00e9facts c\u00e9ramiques qui dureront et seront retrouv\u00e9 dans les mill\u00e9naires \u00e0 venir. <\/p>\n\n\n\n<p>L&#8217;art est une f\u00eate, la culture est politique. Et nous l&#8217;affirmerons ce 15 novembre, ou vous \u00eates convi\u00e9s d\u00e8s 17h au 2 menez Kergreac&#8217;h, 29970 Tregourez. Cette f\u00eate est \u00e9galement en quelque sorte mes (presque) adieux \u00e0 la Bretagne, puisque je partirai d\u00e8s 2026 pour de nouvelles aventures dans le Sud-Ouest (o\u00f9 je continuerai mon combat pour la culture et la justice sociale et \u00e9cologique). J&#8217;ai invit\u00e9 un grand nombre personnes qui auront marqu\u00e9 mes 12 ans \u00e0 Brest, divaguant entre politique, \u00e9tude en sciences, mon court passage en Normandie au p\u00f4le c\u00e9ramique Normandie (dont je l\u2019esp\u00e8re les membres viendront, tant ils ont marqu\u00e9 un tournant majeur dans ma vie) puis mes 2 ans \u00e0 l&#8217;EESAB Brest, o\u00f9 j&#8217;ai \u00e9t\u00e9 \u00e9lu et ai lutt\u00e9 pour l&#8217;enseignement de l&#8217;art populaire et publique. J\u2019esp\u00e8re que ce m\u00e9lange des genres et de mes cents pass\u00e9s produiront de belles discussions qui am\u00e8neront la r\u00e9flexion de chacun pour imaginer de nouvelles voies \u00e0 la culture, ses travailleurs, et son univers. <\/p>\n\n\n\n<p><\/p>\n\n\n\n<p>RDV le 15 novembre.<\/p>\n\n\n\n<p><\/p>\n\n\n\n<p> Cosimo MACAGNO, Artiste c\u00e9ramiste, le 13\/10\/2025<\/p>\n\n\n\n<p><br><br><\/p>\n\n\n\n<p><\/p>\n\n\n\n<p><\/p>\n\n\n\n<p class=\"has-x-large-font-size\"><br>RDV \u00e0 Tegourez le 15\/11\/2025 a partir de 17H et toute la nuit l&#8217;adrese vous sera envoy\u00e9 par mail <\/p>\n\n\n\n<p class=\"has-x-large-font-size\">Ps: si vous tombez d&#8217;abord sur cette page  inscrivez vous sur le framaform <\/p>\n\n\n\n<p><a href=\"https:\/\/framaforms.org\/inscription-au-grand-feu-des-montagnes-noires-1760357605\">https:\/\/framaforms.org\/inscription-au-grand-feu-des-montagnes-noires-1760357605<\/a><\/p>\n\n\n\n<p><\/p>\n","protected":false},"excerpt":{"rendered":"<p>Dessin Rachel Tasset https:\/\/www.instagram.com\/hexa__gone\/ et cosimo macagno Merci de vous \u00eates inscrit au Grand feu des montagnes noires du 15\/11\/2025 organis\u00e9 par Kazh du et les Rendez vous navarin Organis\u00e9 par Kazh Du et les Rendez-vous navarin. La cinqui\u00e8me \u00e9dition des rendez-vous navarin ayant&#8230; <\/p>\n<div class=\"readmore\"><a href=\"https:\/\/cosimomacagno.com\/index.php\/le-grand-feu-des-montagnes-noires-du-15-11-2025\/\" class=\"btn-link\">Read more<\/a><\/div>\n","protected":false},"author":1,"featured_media":1330,"parent":0,"menu_order":0,"comment_status":"closed","ping_status":"closed","template":"","meta":{"_acf_changed":false,"saved_in_kubio":true,"footnotes":""},"class_list":["post-1328","page","type-page","status-publish","has-post-thumbnail","hentry"],"acf":[],"kubio_ai_page_context":{"short_desc":"","purpose":"general"},"jetpack_sharing_enabled":true,"_links":{"self":[{"href":"https:\/\/cosimomacagno.com\/index.php\/wp-json\/wp\/v2\/pages\/1328","targetHints":{"allow":["GET"]}}],"collection":[{"href":"https:\/\/cosimomacagno.com\/index.php\/wp-json\/wp\/v2\/pages"}],"about":[{"href":"https:\/\/cosimomacagno.com\/index.php\/wp-json\/wp\/v2\/types\/page"}],"author":[{"embeddable":true,"href":"https:\/\/cosimomacagno.com\/index.php\/wp-json\/wp\/v2\/users\/1"}],"replies":[{"embeddable":true,"href":"https:\/\/cosimomacagno.com\/index.php\/wp-json\/wp\/v2\/comments?post=1328"}],"version-history":[{"count":6,"href":"https:\/\/cosimomacagno.com\/index.php\/wp-json\/wp\/v2\/pages\/1328\/revisions"}],"predecessor-version":[{"id":1343,"href":"https:\/\/cosimomacagno.com\/index.php\/wp-json\/wp\/v2\/pages\/1328\/revisions\/1343"}],"wp:featuredmedia":[{"embeddable":true,"href":"https:\/\/cosimomacagno.com\/index.php\/wp-json\/wp\/v2\/media\/1330"}],"wp:attachment":[{"href":"https:\/\/cosimomacagno.com\/index.php\/wp-json\/wp\/v2\/media?parent=1328"}],"curies":[{"name":"wp","href":"https:\/\/api.w.org\/{rel}","templated":true}]}}