{"id":1384,"date":"2026-02-17T16:03:41","date_gmt":"2026-02-17T15:03:41","guid":{"rendered":"https:\/\/cosimomacagno.com\/?page_id=1384"},"modified":"2026-02-17T16:03:42","modified_gmt":"2026-02-17T15:03:42","slug":"le-cafe-porcelaine-lieux-de-culture-et-nouveau-depart","status":"publish","type":"page","link":"https:\/\/cosimomacagno.com\/index.php\/le-cafe-porcelaine-lieux-de-culture-et-nouveau-depart\/","title":{"rendered":"Le Caf\u00e9 porcelaine lieux de culture et nouveau d\u00e9part"},"content":{"rendered":"\n<p>Suite \u00e0 l&#8217;achat du 9\/02\/2026 de ma maison au 14 route de Th\u00e9non 24290 Auriac du P\u00e9rigord je vais les semaines qui vont suivre m&#8217;atteler aux diff\u00e9rents travaux de mise au normes et de rafra\u00eechissement  l&#8217;association que je pr\u00e9siderai et qui dirigera le caf\u00e9 ainsi que la salle d&#8217;expo sera fond\u00e9 le 17\/20\/2026 \u00e0 20H  et vous trouverez les statuts  sur un onglet reli\u00e9 a cette page. <br><br>Compos\u00e9 de deux salles une le caf\u00e9 une la galerie avec ces diff\u00e9rentes alc\u00f4ves. Les expositions seront jusqu\u2019\u00e0 6 fois par ans sur un \u00e0 deux mois avec a terme une r\u00e9sidence propos\u00e9 en cramique et image multiples dont un atelier sera install\u00e9 au grenier a thermes. <br><br>LE caf\u00e9 proposerai au maximum des produits locaux, bio et \u00e9quitable et pour l&#8217;instant sans alcool et se munira a thermes d&#8217;une licence III extensible en 4 lors des vernissage pour propos\u00e9 un cocktail original en liens avec l&#8217;expos sur le temps de cette soir\u00e9e et li\u00e9 caf\u00e9 et art dans une seul soir\u00e9e.<br>En pr\u00e9cisant que toute la vaisselle sera produite par mes soins dans l&#8217;atelier adjacent en porcelaine<\/p>\n\n\n\n<figure class=\"wp-block-gallery has-nested-images columns-default is-cropped wp-block-gallery-1 is-layout-flex wp-block-gallery-is-layout-flex\">\n<figure class=\"wp-block-image size-large\"><img fetchpriority=\"high\" decoding=\"async\" width=\"680\" height=\"1024\" data-id=\"1393\" src=\"https:\/\/cosimomacagno.com\/wp-content\/uploads\/2026\/02\/DSC00311-680x1024.jpg\" alt=\"\" class=\"wp-image-1393\" srcset=\"https:\/\/cosimomacagno.com\/wp-content\/uploads\/2026\/02\/DSC00311-680x1024.jpg 680w, https:\/\/cosimomacagno.com\/wp-content\/uploads\/2026\/02\/DSC00311-199x300.jpg 199w, https:\/\/cosimomacagno.com\/wp-content\/uploads\/2026\/02\/DSC00311-768x1156.jpg 768w, https:\/\/cosimomacagno.com\/wp-content\/uploads\/2026\/02\/DSC00311-1021x1536.jpg 1021w, https:\/\/cosimomacagno.com\/wp-content\/uploads\/2026\/02\/DSC00311-1361x2048.jpg 1361w, https:\/\/cosimomacagno.com\/wp-content\/uploads\/2026\/02\/DSC00311-718x1080.jpg 718w, https:\/\/cosimomacagno.com\/wp-content\/uploads\/2026\/02\/DSC00311-900x1354.jpg 900w, https:\/\/cosimomacagno.com\/wp-content\/uploads\/2026\/02\/DSC00311-1920x2889.jpg 1920w, https:\/\/cosimomacagno.com\/wp-content\/uploads\/2026\/02\/DSC00311-800x1204.jpg 800w, https:\/\/cosimomacagno.com\/wp-content\/uploads\/2026\/02\/DSC00311-scaled.jpg 1701w\" sizes=\"(max-width: 680px) 100vw, 680px\" \/><\/figure>\n\n\n\n<figure class=\"wp-block-image size-large\"><img decoding=\"async\" width=\"1024\" height=\"680\" data-id=\"1387\" src=\"https:\/\/cosimomacagno.com\/wp-content\/uploads\/2026\/02\/DSC00312-1024x680.jpg\" alt=\"\" class=\"wp-image-1387\" srcset=\"https:\/\/cosimomacagno.com\/wp-content\/uploads\/2026\/02\/DSC00312-1024x680.jpg 1024w, https:\/\/cosimomacagno.com\/wp-content\/uploads\/2026\/02\/DSC00312-300x199.jpg 300w, https:\/\/cosimomacagno.com\/wp-content\/uploads\/2026\/02\/DSC00312-768x510.jpg 768w, https:\/\/cosimomacagno.com\/wp-content\/uploads\/2026\/02\/DSC00312-1536x1021.jpg 1536w, https:\/\/cosimomacagno.com\/wp-content\/uploads\/2026\/02\/DSC00312-2048x1361.jpg 2048w, https:\/\/cosimomacagno.com\/wp-content\/uploads\/2026\/02\/DSC00312-1625x1080.jpg 1625w, https:\/\/cosimomacagno.com\/wp-content\/uploads\/2026\/02\/DSC00312-900x598.jpg 900w, https:\/\/cosimomacagno.com\/wp-content\/uploads\/2026\/02\/DSC00312-1920x1276.jpg 1920w, https:\/\/cosimomacagno.com\/wp-content\/uploads\/2026\/02\/DSC00312-800x532.jpg 800w\" sizes=\"(max-width: 1024px) 100vw, 1024px\" \/><\/figure>\n\n\n\n<figure class=\"wp-block-image size-large\"><img decoding=\"async\" width=\"680\" height=\"1024\" data-id=\"1398\" src=\"https:\/\/cosimomacagno.com\/wp-content\/uploads\/2026\/02\/DSC00315-680x1024.jpg\" alt=\"\" class=\"wp-image-1398\" srcset=\"https:\/\/cosimomacagno.com\/wp-content\/uploads\/2026\/02\/DSC00315-680x1024.jpg 680w, https:\/\/cosimomacagno.com\/wp-content\/uploads\/2026\/02\/DSC00315-199x300.jpg 199w, https:\/\/cosimomacagno.com\/wp-content\/uploads\/2026\/02\/DSC00315-768x1156.jpg 768w, https:\/\/cosimomacagno.com\/wp-content\/uploads\/2026\/02\/DSC00315-1021x1536.jpg 1021w, https:\/\/cosimomacagno.com\/wp-content\/uploads\/2026\/02\/DSC00315-1361x2048.jpg 1361w, https:\/\/cosimomacagno.com\/wp-content\/uploads\/2026\/02\/DSC00315-718x1080.jpg 718w, https:\/\/cosimomacagno.com\/wp-content\/uploads\/2026\/02\/DSC00315-900x1354.jpg 900w, https:\/\/cosimomacagno.com\/wp-content\/uploads\/2026\/02\/DSC00315-1920x2889.jpg 1920w, https:\/\/cosimomacagno.com\/wp-content\/uploads\/2026\/02\/DSC00315-800x1204.jpg 800w, https:\/\/cosimomacagno.com\/wp-content\/uploads\/2026\/02\/DSC00315-scaled.jpg 1701w\" sizes=\"(max-width: 680px) 100vw, 680px\" \/><\/figure>\n\n\n\n<figure class=\"wp-block-image size-large\"><img loading=\"lazy\" decoding=\"async\" width=\"680\" height=\"1024\" data-id=\"1391\" src=\"https:\/\/cosimomacagno.com\/wp-content\/uploads\/2026\/02\/DSC00324-680x1024.jpg\" alt=\"\" class=\"wp-image-1391\" srcset=\"https:\/\/cosimomacagno.com\/wp-content\/uploads\/2026\/02\/DSC00324-680x1024.jpg 680w, https:\/\/cosimomacagno.com\/wp-content\/uploads\/2026\/02\/DSC00324-199x300.jpg 199w, https:\/\/cosimomacagno.com\/wp-content\/uploads\/2026\/02\/DSC00324-768x1156.jpg 768w, https:\/\/cosimomacagno.com\/wp-content\/uploads\/2026\/02\/DSC00324-1021x1536.jpg 1021w, https:\/\/cosimomacagno.com\/wp-content\/uploads\/2026\/02\/DSC00324-1361x2048.jpg 1361w, https:\/\/cosimomacagno.com\/wp-content\/uploads\/2026\/02\/DSC00324-718x1080.jpg 718w, https:\/\/cosimomacagno.com\/wp-content\/uploads\/2026\/02\/DSC00324-900x1354.jpg 900w, https:\/\/cosimomacagno.com\/wp-content\/uploads\/2026\/02\/DSC00324-1920x2889.jpg 1920w, https:\/\/cosimomacagno.com\/wp-content\/uploads\/2026\/02\/DSC00324-800x1204.jpg 800w, https:\/\/cosimomacagno.com\/wp-content\/uploads\/2026\/02\/DSC00324-scaled.jpg 1701w\" sizes=\"(max-width: 680px) 100vw, 680px\" \/><\/figure>\n\n\n\n<figure class=\"wp-block-image size-large\"><img loading=\"lazy\" decoding=\"async\" width=\"680\" height=\"1024\" data-id=\"1386\" src=\"https:\/\/cosimomacagno.com\/wp-content\/uploads\/2026\/02\/DSC00335-680x1024.jpg\" alt=\"\" class=\"wp-image-1386\" srcset=\"https:\/\/cosimomacagno.com\/wp-content\/uploads\/2026\/02\/DSC00335-680x1024.jpg 680w, https:\/\/cosimomacagno.com\/wp-content\/uploads\/2026\/02\/DSC00335-199x300.jpg 199w, https:\/\/cosimomacagno.com\/wp-content\/uploads\/2026\/02\/DSC00335-768x1156.jpg 768w, https:\/\/cosimomacagno.com\/wp-content\/uploads\/2026\/02\/DSC00335-1021x1536.jpg 1021w, https:\/\/cosimomacagno.com\/wp-content\/uploads\/2026\/02\/DSC00335-1361x2048.jpg 1361w, https:\/\/cosimomacagno.com\/wp-content\/uploads\/2026\/02\/DSC00335-718x1080.jpg 718w, https:\/\/cosimomacagno.com\/wp-content\/uploads\/2026\/02\/DSC00335-900x1354.jpg 900w, https:\/\/cosimomacagno.com\/wp-content\/uploads\/2026\/02\/DSC00335-1920x2889.jpg 1920w, https:\/\/cosimomacagno.com\/wp-content\/uploads\/2026\/02\/DSC00335-800x1204.jpg 800w, https:\/\/cosimomacagno.com\/wp-content\/uploads\/2026\/02\/DSC00335-scaled.jpg 1701w\" sizes=\"(max-width: 680px) 100vw, 680px\" \/><\/figure>\n\n\n\n<figure class=\"wp-block-image size-large\"><img loading=\"lazy\" decoding=\"async\" width=\"680\" height=\"1024\" data-id=\"1459\" src=\"https:\/\/cosimomacagno.com\/wp-content\/uploads\/2026\/02\/DSC00367-680x1024.jpg\" alt=\"\" class=\"wp-image-1459\" srcset=\"https:\/\/cosimomacagno.com\/wp-content\/uploads\/2026\/02\/DSC00367-680x1024.jpg 680w, https:\/\/cosimomacagno.com\/wp-content\/uploads\/2026\/02\/DSC00367-199x300.jpg 199w, https:\/\/cosimomacagno.com\/wp-content\/uploads\/2026\/02\/DSC00367-768x1156.jpg 768w, https:\/\/cosimomacagno.com\/wp-content\/uploads\/2026\/02\/DSC00367-1021x1536.jpg 1021w, https:\/\/cosimomacagno.com\/wp-content\/uploads\/2026\/02\/DSC00367-1361x2048.jpg 1361w, https:\/\/cosimomacagno.com\/wp-content\/uploads\/2026\/02\/DSC00367-718x1080.jpg 718w, https:\/\/cosimomacagno.com\/wp-content\/uploads\/2026\/02\/DSC00367-900x1354.jpg 900w, https:\/\/cosimomacagno.com\/wp-content\/uploads\/2026\/02\/DSC00367-1920x2889.jpg 1920w, https:\/\/cosimomacagno.com\/wp-content\/uploads\/2026\/02\/DSC00367-800x1204.jpg 800w, https:\/\/cosimomacagno.com\/wp-content\/uploads\/2026\/02\/DSC00367-scaled.jpg 1701w\" sizes=\"(max-width: 680px) 100vw, 680px\" \/><\/figure>\n\n\n\n<figure class=\"wp-block-image size-large\"><img loading=\"lazy\" decoding=\"async\" width=\"680\" height=\"1024\" data-id=\"1392\" src=\"https:\/\/cosimomacagno.com\/wp-content\/uploads\/2026\/02\/DSC00383-680x1024.jpg\" alt=\"\" class=\"wp-image-1392\" srcset=\"https:\/\/cosimomacagno.com\/wp-content\/uploads\/2026\/02\/DSC00383-680x1024.jpg 680w, https:\/\/cosimomacagno.com\/wp-content\/uploads\/2026\/02\/DSC00383-199x300.jpg 199w, https:\/\/cosimomacagno.com\/wp-content\/uploads\/2026\/02\/DSC00383-768x1156.jpg 768w, https:\/\/cosimomacagno.com\/wp-content\/uploads\/2026\/02\/DSC00383-1021x1536.jpg 1021w, https:\/\/cosimomacagno.com\/wp-content\/uploads\/2026\/02\/DSC00383-1361x2048.jpg 1361w, https:\/\/cosimomacagno.com\/wp-content\/uploads\/2026\/02\/DSC00383-718x1080.jpg 718w, https:\/\/cosimomacagno.com\/wp-content\/uploads\/2026\/02\/DSC00383-900x1354.jpg 900w, https:\/\/cosimomacagno.com\/wp-content\/uploads\/2026\/02\/DSC00383-1920x2889.jpg 1920w, https:\/\/cosimomacagno.com\/wp-content\/uploads\/2026\/02\/DSC00383-800x1204.jpg 800w, https:\/\/cosimomacagno.com\/wp-content\/uploads\/2026\/02\/DSC00383-scaled.jpg 1701w\" sizes=\"(max-width: 680px) 100vw, 680px\" \/><\/figure>\n\n\n\n<figure class=\"wp-block-image size-large\"><img loading=\"lazy\" decoding=\"async\" width=\"680\" height=\"1024\" data-id=\"1396\" src=\"https:\/\/cosimomacagno.com\/wp-content\/uploads\/2026\/02\/DSC00388-680x1024.jpg\" alt=\"\" class=\"wp-image-1396\" srcset=\"https:\/\/cosimomacagno.com\/wp-content\/uploads\/2026\/02\/DSC00388-680x1024.jpg 680w, https:\/\/cosimomacagno.com\/wp-content\/uploads\/2026\/02\/DSC00388-199x300.jpg 199w, https:\/\/cosimomacagno.com\/wp-content\/uploads\/2026\/02\/DSC00388-768x1156.jpg 768w, https:\/\/cosimomacagno.com\/wp-content\/uploads\/2026\/02\/DSC00388-1021x1536.jpg 1021w, https:\/\/cosimomacagno.com\/wp-content\/uploads\/2026\/02\/DSC00388-1361x2048.jpg 1361w, https:\/\/cosimomacagno.com\/wp-content\/uploads\/2026\/02\/DSC00388-718x1080.jpg 718w, https:\/\/cosimomacagno.com\/wp-content\/uploads\/2026\/02\/DSC00388-900x1354.jpg 900w, https:\/\/cosimomacagno.com\/wp-content\/uploads\/2026\/02\/DSC00388-1920x2889.jpg 1920w, https:\/\/cosimomacagno.com\/wp-content\/uploads\/2026\/02\/DSC00388-800x1204.jpg 800w, https:\/\/cosimomacagno.com\/wp-content\/uploads\/2026\/02\/DSC00388-scaled.jpg 1701w\" sizes=\"(max-width: 680px) 100vw, 680px\" \/><\/figure>\n\n\n\n<figure class=\"wp-block-image size-large\"><img loading=\"lazy\" decoding=\"async\" width=\"680\" height=\"1024\" data-id=\"1390\" src=\"https:\/\/cosimomacagno.com\/wp-content\/uploads\/2026\/02\/DSC00392-680x1024.jpg\" alt=\"\" class=\"wp-image-1390\" srcset=\"https:\/\/cosimomacagno.com\/wp-content\/uploads\/2026\/02\/DSC00392-680x1024.jpg 680w, https:\/\/cosimomacagno.com\/wp-content\/uploads\/2026\/02\/DSC00392-199x300.jpg 199w, https:\/\/cosimomacagno.com\/wp-content\/uploads\/2026\/02\/DSC00392-768x1156.jpg 768w, https:\/\/cosimomacagno.com\/wp-content\/uploads\/2026\/02\/DSC00392-1021x1536.jpg 1021w, https:\/\/cosimomacagno.com\/wp-content\/uploads\/2026\/02\/DSC00392-1361x2048.jpg 1361w, https:\/\/cosimomacagno.com\/wp-content\/uploads\/2026\/02\/DSC00392-718x1080.jpg 718w, https:\/\/cosimomacagno.com\/wp-content\/uploads\/2026\/02\/DSC00392-900x1354.jpg 900w, https:\/\/cosimomacagno.com\/wp-content\/uploads\/2026\/02\/DSC00392-1920x2889.jpg 1920w, https:\/\/cosimomacagno.com\/wp-content\/uploads\/2026\/02\/DSC00392-800x1204.jpg 800w, https:\/\/cosimomacagno.com\/wp-content\/uploads\/2026\/02\/DSC00392-scaled.jpg 1701w\" sizes=\"(max-width: 680px) 100vw, 680px\" \/><\/figure>\n<\/figure>\n\n\n\n<p><\/p>\n","protected":false},"excerpt":{"rendered":"<p>Suite \u00e0 l&#8217;achat du 9\/02\/2026 de ma maison au 14 route de Th\u00e9non 24290 Auriac du P\u00e9rigord je vais les semaines qui vont suivre m&#8217;atteler aux diff\u00e9rents travaux de mise au normes et de rafra\u00eechissement l&#8217;association que je pr\u00e9siderai et qui dirigera le caf\u00e9&#8230; <\/p>\n<div class=\"readmore\"><a href=\"https:\/\/cosimomacagno.com\/index.php\/le-cafe-porcelaine-lieux-de-culture-et-nouveau-depart\/\" class=\"btn-link\">Read more<\/a><\/div>\n","protected":false},"author":1,"featured_media":0,"parent":0,"menu_order":0,"comment_status":"closed","ping_status":"closed","template":"","meta":{"_acf_changed":false,"saved_in_kubio":false,"footnotes":""},"class_list":["post-1384","page","type-page","status-publish","hentry"],"acf":[],"kubio_ai_page_context":{"short_desc":"","purpose":"general"},"jetpack_sharing_enabled":true,"_links":{"self":[{"href":"https:\/\/cosimomacagno.com\/index.php\/wp-json\/wp\/v2\/pages\/1384","targetHints":{"allow":["GET"]}}],"collection":[{"href":"https:\/\/cosimomacagno.com\/index.php\/wp-json\/wp\/v2\/pages"}],"about":[{"href":"https:\/\/cosimomacagno.com\/index.php\/wp-json\/wp\/v2\/types\/page"}],"author":[{"embeddable":true,"href":"https:\/\/cosimomacagno.com\/index.php\/wp-json\/wp\/v2\/users\/1"}],"replies":[{"embeddable":true,"href":"https:\/\/cosimomacagno.com\/index.php\/wp-json\/wp\/v2\/comments?post=1384"}],"version-history":[{"count":1,"href":"https:\/\/cosimomacagno.com\/index.php\/wp-json\/wp\/v2\/pages\/1384\/revisions"}],"predecessor-version":[{"id":1462,"href":"https:\/\/cosimomacagno.com\/index.php\/wp-json\/wp\/v2\/pages\/1384\/revisions\/1462"}],"wp:attachment":[{"href":"https:\/\/cosimomacagno.com\/index.php\/wp-json\/wp\/v2\/media?parent=1384"}],"curies":[{"name":"wp","href":"https:\/\/api.w.org\/{rel}","templated":true}]}}