{"id":977,"date":"2025-07-17T16:15:17","date_gmt":"2025-07-17T14:15:17","guid":{"rendered":"https:\/\/cosimomacagno.com\/?page_id=977"},"modified":"2025-07-17T16:15:18","modified_gmt":"2025-07-17T14:15:18","slug":"des-masques-et-des-mythes","status":"publish","type":"page","link":"https:\/\/cosimomacagno.com\/index.php\/des-masques-et-des-mythes\/","title":{"rendered":"Des masques et des mythes"},"content":{"rendered":"\n<p>Le masque de terre est comme dans beaucoup de civilisations un moyen de communiquer ou d&#8217;incarner le surnaturel  des &#8220;Persona&#8221; grecs aux masques No japonais mes masques incarnent des divinit\u00e9s aux diverses attribut et \u00e9motions. <\/p>\n\n\n\n<p>Que ce soit la terre l\u2019\u00e9mail la technique ou a la forme diff\u00e9rentes hi\u00e9rarchie se forme  avec pour les premiers arriv\u00e9 les masques de porcelaine dit les divinit\u00e9s sup\u00e9rieur et primordial  ils sont les premier arriv\u00e9 sur Terre  et a s\u2019\u00eatre insuffl\u00e9 dans des masques qui \u00e9volue de la conception au passage des trois cuissons.  <\/p>\n\n\n\n<p>Les second sont les masque de gr\u00e8s color\u00e9, Divinit\u00e9 secondaire plus brutal que leur parents et montre des traits plus \u00e2pre et \u00e9pais<\/p>\n\n\n\n<p>Lors du modelage le d\u00e9part est toujours une terre vierge une plaque de terre qui prends forme se voit d&#8217;abord des yeux creus\u00e9 parfois une bouche puis les asp\u00e9rit\u00e9 se forme tel eux lorsqu&#8217;ils ont cr\u00e9er le monde. Cette renaissance sous forme d&#8217;artefact qui se verra pr\u00e9serv\u00e9 sur le temps long raconte leur histoire et comment ils ont cr\u00e9er b\u00eates  sol g\u00e9ologie plantes  soleil et le concept de &#8220;pause caf\u00e9&#8221;<\/p>\n\n\n\n<p><\/p>\n\n\n\n<p>Vous trouverez dans ce menus chacune des divinit\u00e9 avec une br\u00e8ve description qui sera \u00e9galement affich\u00e9 dans la boutique ainsi que son histoire plus s\u00e9rieusement r\u00e9diger. <\/p>\n\n\n\n<p><\/p>\n\n\n\n<p><\/p>\n\n\n\n<p><br><br><\/p>\n\n\n\n<p><br><\/p>\n","protected":false},"excerpt":{"rendered":"<p>Le masque de terre est comme dans beaucoup de civilisations un moyen de communiquer ou d&#8217;incarner le surnaturel des &#8220;Persona&#8221; grecs aux masques No japonais mes masques incarnent des divinit\u00e9s aux diverses attribut et \u00e9motions. Que ce soit la terre l\u2019\u00e9mail la technique ou&#8230; <\/p>\n<div class=\"readmore\"><a href=\"https:\/\/cosimomacagno.com\/index.php\/des-masques-et-des-mythes\/\" class=\"btn-link\">Read more<\/a><\/div>\n","protected":false},"author":1,"featured_media":940,"parent":0,"menu_order":0,"comment_status":"closed","ping_status":"closed","template":"","meta":{"_acf_changed":false,"saved_in_kubio":false,"footnotes":""},"class_list":["post-977","page","type-page","status-publish","has-post-thumbnail","hentry"],"acf":[],"kubio_ai_page_context":{"short_desc":"","purpose":"general"},"jetpack_sharing_enabled":true,"_links":{"self":[{"href":"https:\/\/cosimomacagno.com\/index.php\/wp-json\/wp\/v2\/pages\/977","targetHints":{"allow":["GET"]}}],"collection":[{"href":"https:\/\/cosimomacagno.com\/index.php\/wp-json\/wp\/v2\/pages"}],"about":[{"href":"https:\/\/cosimomacagno.com\/index.php\/wp-json\/wp\/v2\/types\/page"}],"author":[{"embeddable":true,"href":"https:\/\/cosimomacagno.com\/index.php\/wp-json\/wp\/v2\/users\/1"}],"replies":[{"embeddable":true,"href":"https:\/\/cosimomacagno.com\/index.php\/wp-json\/wp\/v2\/comments?post=977"}],"version-history":[{"count":0,"href":"https:\/\/cosimomacagno.com\/index.php\/wp-json\/wp\/v2\/pages\/977\/revisions"}],"wp:featuredmedia":[{"embeddable":true,"href":"https:\/\/cosimomacagno.com\/index.php\/wp-json\/wp\/v2\/media\/940"}],"wp:attachment":[{"href":"https:\/\/cosimomacagno.com\/index.php\/wp-json\/wp\/v2\/media?parent=977"}],"curies":[{"name":"wp","href":"https:\/\/api.w.org\/{rel}","templated":true}]}}